{"id":1155,"date":"2025-12-02T15:36:46","date_gmt":"2025-12-02T14:36:46","guid":{"rendered":"https:\/\/lupsus.de\/?page_id=1155"},"modified":"2025-12-04T10:43:11","modified_gmt":"2025-12-04T09:43:11","slug":"agb","status":"publish","type":"page","link":"https:\/\/lupsus.de\/index.php\/agb\/","title":{"rendered":"AGBs"},"content":{"rendered":"<p><div class=\"fusion-fullwidth fullwidth-box fusion-builder-row-1 fusion-flex-container has-pattern-background has-mask-background fusion-parallax-none nonhundred-percent-fullwidth non-hundred-percent-height-scrolling lazyload\" style=\"--awb-background-position:left center;--awb-border-radius-top-left:0px;--awb-border-radius-top-right:0px;--awb-border-radius-bottom-right:0px;--awb-border-radius-bottom-left:0px;--awb-padding-top:110px;--awb-padding-bottom:110px;--awb-padding-top-medium:45px;--awb-padding-bottom-medium:72px;--awb-background-color:var(--awb-color7);--awb-background-image:linear-gradient(180deg, hsla(var(--awb-color5-h),var(--awb-color5-s),calc(var(--awb-color5-l) - 15%),calc(var(--awb-color5-a) - 80%)) 0%,hsla(var(--awb-color5-h),var(--awb-color5-s),calc(var(--awb-color5-l) - 15%),calc(var(--awb-color5-a) - 80%)) 100%);;--awb-background-size:cover;--awb-flex-wrap:wrap;\" data-bg=\"https:\/\/lupsus.de\/wp-content\/uploads\/2023\/09\/pattern-1.jpg\" data-bg-gradient=\"linear-gradient(180deg, hsla(var(--awb-color5-h),var(--awb-color5-s),calc(var(--awb-color5-l) - 15%),calc(var(--awb-color5-a) - 80%)) 0%,hsla(var(--awb-color5-h),var(--awb-color5-s),calc(var(--awb-color5-l) - 15%),calc(var(--awb-color5-a) - 80%)) 100%)\" ><div class=\"awb-background-mask\" style=\"background-image:  url(data:image\/svg+xml;utf8,%3Csvg%20width%3D%221920%22%20height%3D%22954%22%20fill%3D%22none%22%20xmlns%3D%22http%3A%2F%2Fwww.w3.org%2F2000%2Fsvg%22%3E%3Cg%20clip-path%3D%22url%28%23prefix__clip0_75_23245%29%22%3E%3Cpath%20fill-rule%3D%22evenodd%22%20clip-rule%3D%22evenodd%22%20d%3D%22M2351.91%20237.689l-852.66-492.288L1352.25%200H0v954h801.461l-.689%201.194%20852.668%20492.286%2010.79-18.7L841.885%20954h136.628l719.877%20415.62%2016.46-28.51L1044.35%20954h109.29l588.53%20339.79%2020.98-36.33L1237.53%20954h81.97l464.14%20267.97%2030.74-53.25L1442.47%20954h54.66l330.91%20191.06%2046.45-80.46L1682.93%20954h27.3l171.09%2098.78%2054.86-95.016-16.18-9.339v-7.881l19.59%2011.31%20412.32-714.165zM1920%20948.425l-836.49-482.948-54.86%2095.015L1710.23%20954H1920v-5.575zM1682.93%20954l-661.1-381.686-46.453%2080.454L1497.13%20954h185.8zm-240.46%200L961.712%20676.436l-30.743%2053.248L1319.5%20954h122.97zm-204.94%200L910.479%20765.174%20889.506%20801.5%201153.64%20954h83.89zm-193.18%200L862.184%20848.824l-16.46%2028.51L978.513%20954h65.837zm-202.465%200l-30.318-17.504L801.461%20954h40.424zM1920%20940.544l-833.08-480.978L1352.25%200H1920v940.544zm-307.55%20577.926l-852.666-492.28-6.215%2010.76%20852.671%20492.29%206.21-10.77zm-906.694-398.7l852.664%20492.28-2.6%204.51-852.663-492.29%202.599-4.5z%22%20fill%3D%22rgba%2885%2C85%2C85%2C1%29%22%2F%3E%3C%2Fg%3E%3Cdefs%3E%3CclipPath%20id%3D%22prefix__clip0_75_23245%22%3E%3Cpath%20fill%3D%22%23fff%22%20d%3D%22M0%200h1920v954H0z%22%2F%3E%3C%2FclipPath%3E%3C%2Fdefs%3E%3C%2Fsvg%3E);opacity: 1 ;transform: scale(1, -1);mix-blend-mode:normal;\"><\/div><div class=\"fusion-builder-row fusion-row fusion-flex-align-items-center fusion-flex-content-wrap\" style=\"max-width:1268.8px;margin-left: calc(-4% \/ 2 );margin-right: calc(-4% \/ 2 );\"><div class=\"fusion-layout-column fusion_builder_column fusion-builder-column-0 fusion_builder_column_2_3 2_3 fusion-flex-column fusion-animated\" style=\"--awb-bg-size:cover;--awb-width-large:66.666666666667%;--awb-margin-top-large:0px;--awb-spacing-right-large:9.36%;--awb-margin-bottom-large:0px;--awb-spacing-left-large:2.88%;--awb-width-medium:66.666666666667%;--awb-order-medium:0;--awb-spacing-right-medium:9.36%;--awb-spacing-left-medium:2.88%;--awb-width-small:100%;--awb-order-small:1;--awb-spacing-right-small:1.92%;--awb-spacing-left-small:1.92%;\" data-animationType=\"fadeInUp\" data-animationDuration=\"1.3\" data-animationOffset=\"top-into-view\"><div class=\"fusion-column-wrapper fusion-column-has-shadow fusion-flex-justify-content-flex-start fusion-content-layout-column\"><div class=\"fusion-title title fusion-title-1 fusion-sep-none fusion-title-text fusion-title-size-two\" style=\"--awb-text-color:var(--awb-color1);--awb-margin-top:0px;--awb-margin-top-small:10px;--awb-margin-right-small:0px;--awb-margin-bottom-small:10px;--awb-margin-left-small:0px;\"><h2 class=\"fusion-title-heading title-heading-left fusion-responsive-typography-calculated\" style=\"margin:0;--fontSize:50;line-height:var(--awb-typography1-line-height);\">Allgemeine Gesch\u00e4ftsbedingungen<\/h2><\/div><\/div><\/div><\/div><\/div><div class=\"fusion-fullwidth fullwidth-box fusion-builder-row-2 fusion-flex-container has-pattern-background has-mask-background nonhundred-percent-fullwidth non-hundred-percent-height-scrolling\" style=\"--awb-border-radius-top-left:0px;--awb-border-radius-top-right:0px;--awb-border-radius-bottom-right:0px;--awb-border-radius-bottom-left:0px;--awb-padding-top:120px;--awb-padding-bottom:120px;--awb-padding-top-medium:80px;--awb-padding-bottom-medium:80px;--awb-padding-bottom-small:80px;--awb-background-color:var(--awb-color2);--awb-flex-wrap:wrap;\" ><div class=\"fusion-builder-row fusion-row fusion-flex-align-items-flex-start fusion-flex-justify-content-center fusion-flex-content-wrap\" style=\"max-width:calc( 1220px + 90px );margin-left: calc(-90px \/ 2 );margin-right: calc(-90px \/ 2 );\"><div class=\"fusion-layout-column fusion_builder_column fusion-builder-column-1 fusion_builder_column_2_5 2_5 fusion-flex-column fusion-animated\" style=\"--awb-bg-size:cover;--awb-width-large:40%;--awb-margin-top-large:0px;--awb-spacing-right-large:45px;--awb-margin-bottom-large:0px;--awb-spacing-left-large:45px;--awb-width-medium:40%;--awb-order-medium:0;--awb-spacing-right-medium:45px;--awb-spacing-left-medium:45px;--awb-width-small:100%;--awb-order-small:0;--awb-spacing-right-small:45px;--awb-margin-bottom-small:20px;--awb-spacing-left-small:45px;\" data-animationType=\"fadeInUp\" data-animationDuration=\"1.3\" data-animationOffset=\"top-into-view\"><div class=\"fusion-column-wrapper fusion-column-has-shadow fusion-flex-justify-content-flex-start fusion-content-layout-column\"><div class=\"fusion-separator fusion-full-width-sep\" style=\"align-self: center;margin-left: auto;margin-right: auto;margin-bottom:30px;width:100%;\"><div class=\"fusion-separator-border sep-single sep-solid\" style=\"--awb-height:20px;--awb-amount:20px;border-color:hsla(var(--awb-color6-h),var(--awb-color6-s),var(--awb-color6-l),calc(var(--awb-color6-a) - 80%));border-top-width:3px;\"><\/div><\/div><div class=\"fusion-text fusion-text-1 fusion-text-no-margin\" style=\"--awb-margin-right:10%;--awb-margin-bottom:30px;\"><p><strong>L&amp;P Services &amp; Solutions GmbH<\/strong><br \/>\nM\u00f6schenfelder Str. 14a<br \/>\n85591 Vaterstetten<br \/>\nkontakt@lupsus.de<\/p>\n<p>Gesch\u00e4ftsf\u00fchrung:<br \/>\nDr. Mark L\u00f6hr<br \/>\nMag. Anita Pfattner<\/p>\n<p>Amtsgericht M\u00fcnchen HRB 215228<br \/>\nUSt IdNr.: DE 297852795<\/p>\n<p>E-Mail: kontakt@lupsus.de<br \/>\nTelefon: +49 89 451046-0<\/p>\n<\/div><\/div><\/div><div class=\"fusion-layout-column fusion_builder_column fusion-builder-column-2 fusion_builder_column_3_5 3_5 fusion-flex-column fusion-animated\" style=\"--awb-bg-size:cover;--awb-width-large:60%;--awb-margin-top-large:0px;--awb-spacing-right-large:45px;--awb-margin-bottom-large:0px;--awb-spacing-left-large:45px;--awb-width-medium:60%;--awb-order-medium:0;--awb-spacing-right-medium:45px;--awb-spacing-left-medium:45px;--awb-width-small:100%;--awb-order-small:0;--awb-spacing-right-small:45px;--awb-margin-bottom-small:20px;--awb-spacing-left-small:45px;\" data-animationType=\"fadeInUp\" data-animationDuration=\"1.3\" data-animationOffset=\"top-into-view\"><div class=\"fusion-column-wrapper fusion-column-has-shadow fusion-flex-justify-content-flex-start fusion-content-layout-column\"><div class=\"fusion-separator fusion-full-width-sep\" style=\"align-self: center;margin-left: auto;margin-right: auto;margin-bottom:30px;width:100%;\"><div class=\"fusion-separator-border sep-single sep-solid\" style=\"--awb-height:20px;--awb-amount:20px;border-color:hsla(var(--awb-color6-h),var(--awb-color6-s),var(--awb-color6-l),calc(var(--awb-color6-a) - 80%));border-top-width:3px;\"><\/div><\/div><div class=\"fusion-text fusion-text-2 fusion-text-no-margin\" style=\"--awb-margin-right:10%;--awb-margin-bottom:30px;\"><h4>1. Geltungsbereich<\/h4>\n<p>Die nachstehenden allgemeinen Gesch\u00e4ftsbedingungen (AGB) gelten f\u00fcr alle Rechtsgesch\u00e4fte der L&amp;P Services &amp; Solutions GmbH, nachfolgend in Kurzform \u201eLPSS\u201c genannt, mit ihren Vertragspartnern, nachstehend in Kurzform \u201eKunde\u201c genannt. Die Art der Dienstleistungen und Werke im Einzelnen ergibt sich aus der von LPSS entwickelten Konzeption, dem Angebot, den Aktionsvorschl\u00e4gen bzw. den Einzelauftr\u00e4gen.<\/p>\n<p>Diese AGB sind wesentlicher Bestandteil jedes abgeschlossenen Vertrages, soweit nicht im Einzelnen Abweichendes vereinbart ist. Sie gelten auch f\u00fcr die zuk\u00fcnftigen Gesch\u00e4ftsbeziehungen mit dem Kunden, ohne dass seine erneute ausdr\u00fcckliche Best\u00e4tigung erforderlich ist.<\/p>\n<p>Abweichende Gesch\u00e4ftsbedingungen des Kunden sowie \u00c4nderungen und Erg\u00e4nzungen dieser AGB haben nur G\u00fcltigkeit, soweit sie von der Agentur schriftlich anerkannt sind. Dies gilt auch, wenn den Gesch\u00e4fts- und\/oder Lieferungsbedingungen des Kunden nicht ausdr\u00fccklich widersprochen worden ist.<\/p>\n<h4>2. Pr\u00e4sentationen\/Pitch<\/h4>\n<p>Wird nach einer Pr\u00e4sentation\/Pitch kein Auftrag erteilt, so bleiben alle Leistungen, insbesondere die Pr\u00e4sentationsunterlagen und die darin enthaltenen Entw\u00fcrfe, Werke, Ideen etc. Eigentum von LPSS. Der Kunde ist nicht berechtigt dieses Material, gleich in welcher Form, zu nutzen, zu bearbeiten oder als Grundlage zur Herstellung eigenen Materials zu nutzen. Der Kunde hat, falls es nicht zur Auftragserteilung kommt, alle in seinem Besitz befindlichen Pr\u00e4sentationsunterlagen unverz\u00fcglich an L&amp;P zur\u00fcckzugeben.<\/p>\n<p>Falls kein Auftrag erteilt wird, bleibt es LPSS unbenommen die pr\u00e4sentierten Ideen, Werke, Entw\u00fcrfe etc. f\u00fcr andere Projekte und Kunden zu verwenden.<\/p>\n<p>Die Weitergabe von Pr\u00e4sentationsunterlagen und Angeboten an Dritte, sowie deren Ver\u00f6ffentlichung, Vervielf\u00e4ltigung, Verbreitung oder sonstige Nutzung durch den Kunden oder seiner Bevollm\u00e4chtigten verpflichten den Kunden zur Honorarzahlung in H\u00f6he der betreffenden Leistung. Diese orientiert sich an dem Angebot der Agentur oder, sofern ein solches noch nicht vorliegt, an den markt\u00fcblichen Konditionen.<\/p>\n<h4>3. Kostenvoranschl\u00e4ge (KVA) und Vertragsabschluss<\/h4>\n<p>Unsere Angebote sind stets freibleibend und unverbindlich und werden erst nach schriftlicher Auftragsbest\u00e4tigung durch den Kunden g\u00fcltig. An unsere Angebotspreise halten wir uns l\u00e4ngstens f\u00fcr einen Zeitraum von 4 Wochen bis Auftragserteilung gebunden.<\/p>\n<p>Angebote nebst Anlagen d\u00fcrfen ohne unser Einverst\u00e4ndnis Dritten nicht zug\u00e4nglich gemacht werden.<\/p>\n<p>Die Honoraranspr\u00fcche von LPSS entstehen auch dann, wenn die jeweiligen Leistungen zuvor nicht durch einen KVA von LPSS veranschlagt worden sind. Abweichende Regelungen bed\u00fcrfen der Schriftform (E-Mail ist nicht ausreichend).<\/p>\n<h4>4. Umfang des Auftrags<\/h4>\n<p>Gegenstand des Auftrages ist die vereinbarte, im Vertrag\/Angebot bezeichnete T\u00e4tigkeit, nicht jedoch die Erzielung eines bestimmten wirtschaftlichen Erfolges. Von Dritten oder vom Auftraggeber gelieferte Daten werden von uns nur auf die Plausibilit\u00e4t \u00fcberpr\u00fcft. Soweit nicht anders vereinbart, k\u00f6nnen wir uns zur Auftragsausf\u00fchrung sachverst\u00e4ndiger Unterauftragnehmer bedienen. Bestellungen des Auftraggebers m\u00fcssen in schriftlicher Form an uns \u00fcbermittelt werden.<\/p>\n<h4>5. \u00c4nderungen des Leistungsumfangs und Nebenkosten<\/h4>\n<p>M\u00fcndliche Abmachungen und Nebenabreden sowie nachtr\u00e4gliche \u00c4nderungen des vereinbarten Vertragsinhaltes bed\u00fcrfen zu Ihrer Wirksamkeit der Schriftform und grunds\u00e4tzlich unserer schriftlichen Best\u00e4tigung. F\u00fcr alle vom Kunden in Auftrag gegebenen zus\u00e4tzlichen Dienstleistungen berechnen wir die angemessene Verg\u00fctung gem\u00e4\u00df unserer jeweils g\u00fcltigen Preisliste bzw. erstellen ein zus\u00e4tzliches Angebot.<\/p>\n<p>Insoweit es sich bei Kosten um durchgehende Posten handelt, die LPSS von Dritten berechnet (Fremdleistungen) werden, sind wir berechtigt, uns von Dritten berechnete Preiserh\u00f6hungen an unsere Kunden weiter zu berechnen. Die Preise sind Nettopreise ohne Fracht und ohne Nachl\u00e4sse exklusive der MwSt. LPSS berechnet f\u00fcr die Abwicklung und Koordination von Fremdleistungen eine Geb\u00fchr i.H. von mindestens 15% der Auftragssumme der vergebenen Fremdleistungen.<\/p>\n<p>Reisekosten und Spesen f\u00fcr Reisen, welche in Zusammenhang mit dem Auftrag zu unternehmen und mit dem Kunden abgesprochen sind oder f\u00fcr erforderlich gehalten werden, sind vom Kunden zu erstatten.<\/p>\n<p>Der Kunde verpflichtet sich, eventuell anfallende Geb\u00fchren an Verwertungsgesellschaften wie beispielsweise an die GEMA abzuf\u00fchren. Werden diese Geb\u00fchren von LPSS verauslagt, so verpflichtet sich der Kunde, diese gegen Nachweis LPSS zu erstatten. Dies kann auch nach Beendigung des Vertragsverh\u00e4ltnisses erfolgen.<\/p>\n<p>Der Kunde ist dar\u00fcber informiert, dass bei der Auftragsvergabe im k\u00fcnstlerischen, konzeptionellen und werbeberaterischen Bereich an eine nicht-juristische Person eine K\u00fcnstlersozialabgabe an die K\u00fcnstlersozialkasse zu leisten ist. Diese Abgabe darf vom Kunden nicht von der Agenturrechnung in Abzug gebracht werden. F\u00fcr die Einhaltung der Anmelde- und Abgabepflicht ist der Kunde zust\u00e4ndig und selbst verantwortlich.<\/p>\n<h4>6. Mitwirkungspflichten des Kunden<\/h4>\n<p>Der Kunde ist verpflichtet, LPSS nach Kr\u00e4ften zu unterst\u00fctzen und alle zur ordnungsgem\u00e4\u00dfen Auftragsausf\u00fchrung notwendigen Voraussetzungen zu schaffen. Insbesondere hat der Kunde LPSS alle f\u00fcr die Auftragsdurchf\u00fchrung notwendigen oder bedeutsamen Informationen, Materialien und Unterlagen (Briefing) rechtzeitig zur Verf\u00fcgung zu stellen. Vorschl\u00e4ge des Kunden oder seine sonstige Mitarbeit haben keinen Einfluss auf die H\u00f6he der Verg\u00fctung.<\/p>\n<p>Der Kunde bevollm\u00e4chtigt uns, Vertr\u00e4ge \u00fcber Leistungen, die wir selbst von Dritten beziehen, im Namen und f\u00fcr Rechnung des Kunden abzuschlie\u00dfen.<\/p>\n<p>Der Kunde hat auf unsere Aufforderung hin die Freigaben f\u00fcr Korrekturen, Druck, Onlinestellung etc. zu erteilen.<\/p>\n<h4>7. Urheber- und Nutzungsrechte<\/h4>\n<p>S\u00e4mtliche von LPSS angefertigte Entw\u00fcrfe, Zeichnungen, Layouts, Druckvorlagen, Konzepte, Ideen, Programmcode etc. sind urheberrechtlich gesch\u00fctzte Werke i. S. d. \u00a7 2 UrhG, und zwar selbst dann, wenn diese nicht die Erfordernisse des \u00a7 2 UrhG erf\u00fcllen. S\u00e4mtliche Leistungen von LPSS d\u00fcrfen deshalb nicht ohne unsere Zustimmung genutzt, bearbeitet, ge\u00e4ndert oder weitergegeben werden. Jede Nachahmung, auch die von Teilen von Entw\u00fcrfen, Zeichnungen, Layouts, Druckvorlagen, Konzepten, Ideen, Programmcode etc. ist nicht zul\u00e4ssig. Bei Zuwiderhandlung ist der Kunde verpflichtet, eine sofort f\u00e4llige Vertragsstrafe in H\u00f6he des 2-fachen des urspr\u00fcnglich vereinbarten Honorars an LPSS zu zahlen.<\/p>\n<p>Im Falle einer Rechte\u00fcbertragung richtet sich deren Umfang in r\u00e4umlicher, zeitlicher und inhaltlicher Hinsicht ausschlie\u00dflich nach den vertraglichen Vereinbarungen bzw. dem Vertragszweck; \u00a7 31 Abs. 5 UrhG findet entsprechend Anwendung. Die Rechte gehen erst mit vollst\u00e4ndiger Zahlung des Gesamtauftrages auf den Auftraggeber \u00fcber. Die \u00dcbertragung einger\u00e4umter Nutzungsrechte an Dritte und\/oder Mehrfachnutzungen sind, soweit nicht im Erstauftrag geregelt, honorarpflichtig und bed\u00fcrfen der Einwilligung von LPSS. Nutzungsrechte an Arbeiten, die bei Beendigung des Vertrages noch nicht bezahlt sind, verbleiben vorbehaltlich anderweitig getroffener Abmachungen bei LPSS.<\/p>\n<p>\u00dcber den Umfang der Nutzung steht LPSS ein Auskunftsanspruch zu. Bei Ver\u00f6ffentlichungen wird LPSS in \u00fcblicher Form als Urheber genannt.<\/p>\n<p>L&amp;P darf die von ihr entwickelten Werbemittel angemessen und branchen\u00fcblich signieren und den erteilten Auftrag f\u00fcr Eigenwerbung publizieren.<\/p>\n<h4>8. Arbeitsunterlagen und elektronische Daten<\/h4>\n<p>Alle Arbeitsunterlagen, elektronische Daten und Aufzeichnungen die im Rahmen der Auftragserarbeitung auf Seiten der Agentur angefertigt werden, verbleiben bei LPSS. Die Herausgabe dieser Unterlagen und Daten kann vom Kunden nicht gefordert werden. LPSS schuldet mit der Bezahlung des vereinbarten Honorars die vereinbarte Leistung, nicht jedoch die zu diesem Ergebnis f\u00fchrenden Zwischenschritte in Form von Skizzen, Entw\u00fcrfen, Produktionsdaten etc.<\/p>\n<h4>9. Verg\u00fctung<\/h4>\n<p>Es gilt die im Vertrag bzw. im best\u00e4tigten Angebot vereinbarte Verg\u00fctung. Zahlungen sind, wenn nicht anders vertraglich geregelt, innerhalb von 14 Tagen nach Rechnungsstellung ohne jeden Abzug f\u00e4llig. Bei \u00dcberschreitung der Zahlungstermine steht LPSS ohne weitere Mahnung ein Anspruch auf Verzugszinsen in H\u00f6he von 5% \u00fcber dem Basiszinssatz nach \u00a7 1 des Diskontsatz-\u00dcberleitungsgesetzes zu. Das Recht zur Geltendmachung eines dar\u00fcber hinaus gehenden Schadens bleibt von dieser Regelung unber\u00fchrt.<\/p>\n<p>Erstreckt sich die Erarbeitung der vereinbarten Leistungen \u00fcber einen l\u00e4ngeren Zeitraum oder sind von LPSS Kosten von Dienstleistern (Fremdkosten) vorab zu zahlen, so kann LPSS dem Kunden Abschlagszahlungen \u00fcber die bereits erbrachten Teilleistungen in Rechnung stellen. Diese Teilleistungen m\u00fcssen nicht in einer f\u00fcr den Kunden nutzbaren Form vorliegen und k\u00f6nnen auch als reine Arbeitsgrundlage auf Seiten L&amp;P verf\u00fcgbar sein.<\/p>\n<p>Bei \u00c4nderungen oder Abbruch von Auftr\u00e4gen, Arbeiten und dergleichen durch den Kunden und\/oder wenn sich Voraussetzungen f\u00fcr die Leistungserstellung \u00e4ndern, werden LPSS dadurch anfallenden Kosten vom Kunden ersetzt und LPSS von jeglichen Verbindlichkeiten gegen\u00fcber Dritten freigestellt.<\/p>\n<p>Bei einem R\u00fccktritt des Kunden vor Leistungsbeginn eines erteilten Auftrages kann LPSS, unabh\u00e4ngig von der M\u00f6glichkeit, einen tats\u00e4chlich h\u00f6heren Schaden geltend zu machen, 15% des Verkaufspreises f\u00fcr die durch die Bearbeitung des Auftrages entstandenen Kosten und f\u00fcr entgangenen Gewinn fordern. Dem Besteller bleibt der Nachweis eines geringeren Schadens vorbehalten.<\/p>\n<p>Alle in Angeboten und Auftr\u00e4gen genannte Preise und die daraus resultierend zu zahlenden Betr\u00e4ge verstehen sich zuz\u00fcglich der gesetzlich g\u00fcltigen Umsatzsteuer in der jeweils geltenden H\u00f6he.<\/p>\n<h4>10. Geheimhaltungs- und Sorgfaltspflicht<\/h4>\n<p>LPSS ist verpflichtet, alle Kenntnisse, die man aufgrund eines Auftrags vom Kunden erh\u00e4lt, zeitlich unbeschr\u00e4nkt streng vertraulich zu behandeln und sowohl die Mitarbeiter, als auch herangezogene Dritte ebenfalls in gleicher Weise zu absolutem Stillschweigen zu verpflichten.<\/p>\n<p>LPSS wird die Interessen des Kunden im Rahmen des Vertrages mit der Sorgfalt eines ordentlichen Kaufmanns treuh\u00e4nderisch wahrnehmen. Dazu geh\u00f6rt, dass bei einer Auftragsvergabe durch LPSS an Dritte in jedem Fall das Interesse des Auftraggebers vorgeht.<\/p>\n<p>LPSS verpflichtet sich, nur qualifizierte Mitarbeiter mit der termingerechten Durchf\u00fchrung der Auftr\u00e4ge und Aufgaben zu beauftragen. In diesem Sinne haftet L&amp;P auch f\u00fcr die von ihr zur Mitarbeit herangezogenen freien Mitarbeiter.<\/p>\n<h4>11. Gew\u00e4hrleistung und Haftung<\/h4>\n<p>Das Risiko der rechtlichen Zul\u00e4ssigkeit der durch LPSS erarbeiteten und durchgef\u00fchrten Ma\u00dfnahmen wird vom Kunden getragen. Das gilt insbesondere f\u00fcr den Fall, dass die Aktionen und Ma\u00dfnahmen gegen Vorschriften des Wettbewerbsrechts, des Urheberrechts und spezieller Werberechtsgesetze versto\u00dfen. LPSS ist jedoch verpflichtet, auf rechtliche Risiken hinzuweisen, sofern diese bei der T\u00e4tigkeit bekannt werden. Der Kunde stellt LPSS von Anspr\u00fcchen Dritter frei, wenn LPSS auf ausdr\u00fccklichen Wunsch des Kunden gehandelt hat, obwohl sie dem Kunden Bedenken im Hinblick auf die Zul\u00e4ssigkeit der Ma\u00dfnahmen mitgeteilt hat. Die Anmeldung solcher Bedenken durch LPSS beim Kunden hat unverz\u00fcglich nach dem Bekanntwerden in schriftlicher Form zu erfolgen. Erachtet LPSS f\u00fcr eine durchzuf\u00fchrenden Ma\u00dfnahmen eine wettbewerbsrechtliche Pr\u00fcfung durch eine besonders sachkundige Person oder Institution f\u00fcr erforderlich, so tr\u00e4gt nach Absprache die Kosten hierf\u00fcr der Kunde.<\/p>\n<p>LPSS haftet in keinem Fall wegen der in den Werbema\u00dfnahmen enthaltenen Sachaussagen \u00fcber Produkte und Leistungen des Kunden. LPSS haftet auch nicht f\u00fcr die patent-, urheber- und markenrechtliche Schutz- oder Eintragungsf\u00e4higkeit der im Rahmen des Auftrages gelieferten Ideen, Anregungen, Vorschl\u00e4ge, Konzeptionen und Entw\u00fcrfe.<\/p>\n<p>LPSS haftet nur f\u00fcr Sch\u00e4den, die sie oder ihre Erf\u00fcllungsgehilfen vors\u00e4tzlich oder grob fahrl\u00e4ssig herbeigef\u00fchrt haben. Die H\u00f6he der Haftung von LPSS ist auf den einmaligen Ertrag von LPSS aus dem jeweiligen Auftrag beschr\u00e4nkt. Die Haftung von LPSS f\u00fcr Mangelfolgesch\u00e4den aus dem Rechtsgrund der positiven Vertragsverletzung ist ausgeschlossen, wenn und in dem Ma\u00dfe, wie sich die Haftung von LPSS nicht aus einer Verletzung der f\u00fcr die Erf\u00fcllung des Vertragszweckes wesentlichen Pflichten ergibt.<\/p>\n<h4>12. Datenschutz<\/h4>\n<p>Informationen zum Datenschutz sind auf unserer Webseite unter: <a href=\"https:\/\/lupsus.de\/index.php\/datenschutz\/\">https:\/\/lupsus.de\/index.php\/datenschutz\/<\/a> verf\u00fcgbar.<\/p>\n<h4>13. Streitigkeiten<\/h4>\n<p>Kommt es im Laufe oder nach Beendigung eines Auftrages zu einem Streitfall bez\u00fcglich des beauftragten Projektes, so ist vor der Einleitung eines gerichtlichen Verfahrens ein au\u00dfergerichtliches Mediationsverfahren zu durchlaufen. Bei Streitigkeiten in Fragen der Qualit\u00e4tsbeurteilung oder bei der H\u00f6he der Honorierung werden externe Gutachten erstellt, um m\u00f6glichst eine au\u00dfergerichtliche Einigung zu erzielen. Die Kosten hierf\u00fcr werden vom Kunden und von LPSS geteilt.<\/p>\n<h4>14. Schlussbestimmungen<\/h4>\n<p>Der Kunde ist nicht dazu berechtigt, Anspr\u00fcche aus dem Vertrag abzutreten.<\/p>\n<p>Eine Aufrechnung oder die Geltendmachung eines Zur\u00fcckbehaltungsrechts durch den Kunden ist nur mit anerkannten oder rechtskr\u00e4ftig festgestellten Gegenanspr\u00fcchen zul\u00e4ssig.<\/p>\n<p>Es gilt ausschlie\u00dflich das Recht der Bundesrepublik Deutschland, auch wenn der Kunde seinen Firmensitz im Ausland hat.<\/p>\n<p>Erf\u00fcllungsort und Gerichtsstand ist der Firmensitz von LPSS.<\/p>\n<p>Sollte eine Bestimmung dieser Allgemeinen Gesch\u00e4ftsbedingungen ganz oder teilweise unwirksam sein oder ihre Rechtswirksamkeit zu einem sp\u00e4teren Zeitpunkt verlieren, so wird hierdurch die G\u00fcltigkeit der \u00fcbrigen Bestimmungen nicht ber\u00fchrt. Anstelle der unwirksamen Bestimmung soll im Wege der Vertragsanpassung eine andere angemessene Regelung gelten, die wirtschaftlich dem am N\u00e4chsten kommt, was die Vertragsparteien gewollt h\u00e4tten, wenn ihnen die Unwirksamkeit der Regelung bekannt gewesen w\u00e4re.<\/p>\n<\/div><\/div><\/div><\/div><\/div><\/p>\n","protected":false},"excerpt":{"rendered":"","protected":false},"author":2,"featured_media":0,"parent":0,"menu_order":0,"comment_status":"closed","ping_status":"closed","template":"100-width.php","meta":{"footnotes":""},"class_list":["post-1155","page","type-page","status-publish","hentry"],"_links":{"self":[{"href":"https:\/\/lupsus.de\/index.php\/wp-json\/wp\/v2\/pages\/1155","targetHints":{"allow":["GET"]}}],"collection":[{"href":"https:\/\/lupsus.de\/index.php\/wp-json\/wp\/v2\/pages"}],"about":[{"href":"https:\/\/lupsus.de\/index.php\/wp-json\/wp\/v2\/types\/page"}],"author":[{"embeddable":true,"href":"https:\/\/lupsus.de\/index.php\/wp-json\/wp\/v2\/users\/2"}],"replies":[{"embeddable":true,"href":"https:\/\/lupsus.de\/index.php\/wp-json\/wp\/v2\/comments?post=1155"}],"version-history":[{"count":5,"href":"https:\/\/lupsus.de\/index.php\/wp-json\/wp\/v2\/pages\/1155\/revisions"}],"predecessor-version":[{"id":1190,"href":"https:\/\/lupsus.de\/index.php\/wp-json\/wp\/v2\/pages\/1155\/revisions\/1190"}],"wp:attachment":[{"href":"https:\/\/lupsus.de\/index.php\/wp-json\/wp\/v2\/media?parent=1155"}],"curies":[{"name":"wp","href":"https:\/\/api.w.org\/{rel}","templated":true}]}}